{"id":22,"date":"2025-03-17T12:20:32","date_gmt":"2025-03-17T11:20:32","guid":{"rendered":"https:\/\/www.portmona-venture.cz\/?page_id=22"},"modified":"2025-03-17T12:20:32","modified_gmt":"2025-03-17T11:20:32","slug":"o-nas","status":"publish","type":"page","link":"https:\/\/www.portmona-venture.cz\/","title":{"rendered":"O n\u00e1s"},"content":{"rendered":"\n<p>Portmona Venture a.s.<br>I\u010cO: 22301950<\/p>\n\n\n\n<p>S\u00eddlo: Na Florenci 1332\/23, Nov\u00e9 M\u011bsto, 110 00 Praha 1<br>Spisov\u00e1 zna\u010dka: B 29290 veden\u00e1 u M\u011bstsk\u00e9ho soudu v Praze<br>Z\u00e1kladn\u00ed kapit\u00e1l: 2.000.000 K\u010d (splaceno 100%)<\/p>\n","protected":false},"excerpt":{"rendered":"<p>Portmona Venture a.s.I\u010cO: 22301950 S\u00eddlo: Na Florenci 1332\/23, Nov\u00e9 M\u011bsto, 110 00 Praha 1Spisov\u00e1 zna\u010dka: B 29290 veden\u00e1 u M\u011bstsk\u00e9ho soudu v PrazeZ\u00e1kladn\u00ed kapit\u00e1l: 2.000.000 K\u010d (splaceno 100%)<\/p>\n","protected":false},"author":1,"featured_media":0,"parent":0,"menu_order":0,"comment_status":"closed","ping_status":"closed","template":"","meta":{"footnotes":""},"class_list":["post-22","page","type-page","status-publish","hentry"],"_links":{"self":[{"href":"https:\/\/www.portmona-venture.cz\/index.php\/wp-json\/wp\/v2\/pages\/22","targetHints":{"allow":["GET"]}}],"collection":[{"href":"https:\/\/www.portmona-venture.cz\/index.php\/wp-json\/wp\/v2\/pages"}],"about":[{"href":"https:\/\/www.portmona-venture.cz\/index.php\/wp-json\/wp\/v2\/types\/page"}],"author":[{"embeddable":true,"href":"https:\/\/www.portmona-venture.cz\/index.php\/wp-json\/wp\/v2\/users\/1"}],"replies":[{"embeddable":true,"href":"https:\/\/www.portmona-venture.cz\/index.php\/wp-json\/wp\/v2\/comments?post=22"}],"version-history":[{"count":1,"href":"https:\/\/www.portmona-venture.cz\/index.php\/wp-json\/wp\/v2\/pages\/22\/revisions"}],"predecessor-version":[{"id":24,"href":"https:\/\/www.portmona-venture.cz\/index.php\/wp-json\/wp\/v2\/pages\/22\/revisions\/24"}],"wp:attachment":[{"href":"https:\/\/www.portmona-venture.cz\/index.php\/wp-json\/wp\/v2\/media?parent=22"}],"curies":[{"name":"wp","href":"https:\/\/api.w.org\/{rel}","templated":true}]}}